{"id":617,"date":"2024-05-22T15:30:57","date_gmt":"2024-05-22T13:30:57","guid":{"rendered":"https:\/\/eduanimalis.pl\/?page_id=617"},"modified":"2024-05-23T15:13:41","modified_gmt":"2024-05-23T13:13:41","slug":"katarzyna-wawryniuk","status":"publish","type":"page","link":"https:\/\/eduanimalis.pl\/index.php\/katarzyna-wawryniuk\/","title":{"rendered":"Katarzyna Wawryniuk"},"content":{"rendered":"<p>[vc_row type=&#8221;full_width_background&#8221; full_screen_row_position=&#8221;middle&#8221; column_margin=&#8221;default&#8221; column_direction=&#8221;default&#8221; column_direction_tablet=&#8221;default&#8221; column_direction_phone=&#8221;default&#8221; bg_color=&#8221;#f9f9f9&#8243; scene_position=&#8221;center&#8221; top_padding=&#8221;5%&#8221; text_color=&#8221;dark&#8221; text_align=&#8221;left&#8221; row_border_radius=&#8221;none&#8221; row_border_radius_applies=&#8221;bg&#8221; overlay_strength=&#8221;0.3&#8243; gradient_direction=&#8221;left_to_right&#8221; shape_divider_position=&#8221;bottom&#8221; bg_image_animation=&#8221;none&#8221;][vc_column column_padding=&#8221;padding-1-percent&#8221; column_padding_tablet=&#8221;inherit&#8221; column_padding_phone=&#8221;inherit&#8221; column_padding_position=&#8221;all&#8221; column_element_spacing=&#8221;default&#8221; background_color_opacity=&#8221;1&#8243; background_hover_color_opacity=&#8221;1&#8243; column_shadow=&#8221;none&#8221; column_border_radius=&#8221;none&#8221; column_link_target=&#8221;_self&#8221; gradient_direction=&#8221;left_to_right&#8221; overlay_strength=&#8221;0.3&#8243; width=&#8221;1\/1&#8243; tablet_width_inherit=&#8221;default&#8221; tablet_text_alignment=&#8221;default&#8221; phone_text_alignment=&#8221;default&#8221; bg_image_animation=&#8221;none&#8221; border_type=&#8221;simple&#8221; column_border_width=&#8221;none&#8221; column_border_style=&#8221;solid&#8221;][vc_column_text]<\/p>\n<h6><span style=\"color: #50d18d;\"><span style=\"vertical-align: inherit;\"><span style=\"vertical-align: inherit;\">Katarzyna Wawryniuk &#8211; etolog, zoopsycholog, instruktor szkolenia zwierz\u0105t<\/span><\/span><\/span><\/h6>\n<p>[\/vc_column_text][\/vc_column][\/vc_row][vc_row type=&#8221;full_width_background&#8221; full_screen_row_position=&#8221;middle&#8221; column_margin=&#8221;default&#8221; column_direction=&#8221;default&#8221; column_direction_tablet=&#8221;default&#8221; column_direction_phone=&#8221;default&#8221; bg_color=&#8221;#f9f9f9&#8243; scene_position=&#8221;center&#8221; bottom_padding=&#8221;4%&#8221; text_color=&#8221;dark&#8221; text_align=&#8221;left&#8221; row_border_radius=&#8221;none&#8221; row_border_radius_applies=&#8221;bg&#8221; overlay_strength=&#8221;0.3&#8243; gradient_direction=&#8221;left_to_right&#8221; shape_divider_position=&#8221;bottom&#8221; bg_image_animation=&#8221;none&#8221;][vc_column column_padding=&#8221;padding-1-percent&#8221; column_padding_tablet=&#8221;inherit&#8221; column_padding_phone=&#8221;inherit&#8221; column_padding_position=&#8221;all&#8221; column_element_spacing=&#8221;default&#8221; background_color_opacity=&#8221;1&#8243; background_hover_color_opacity=&#8221;1&#8243; column_shadow=&#8221;none&#8221; column_border_radius=&#8221;none&#8221; column_link_target=&#8221;_self&#8221; gradient_direction=&#8221;left_to_right&#8221; overlay_strength=&#8221;0.3&#8243; width=&#8221;1\/3&#8243; tablet_width_inherit=&#8221;default&#8221; tablet_text_alignment=&#8221;default&#8221; phone_text_alignment=&#8221;default&#8221; bg_image_animation=&#8221;none&#8221; border_type=&#8221;simple&#8221; column_border_width=&#8221;none&#8221; column_border_style=&#8221;solid&#8221;][vc_column_text]W\u00a02013 roku za\u0142o\u017cy\u0142a jedn\u0105 z\u00a0pierwszych szk\u00f3\u0142 w\u00a0Szczecinie woln\u0105 od awersji w\u00a0szkoleniu ps\u00f3w \u2013 EduAnimalis \u2013 Psychologia i\u00a0uczenie zwierz\u0105t. Propagatorka metodyki pracy ze zwierz\u0119tami pozbawionej przymusu i\u00a0przemocy, opartej na\u00a0kooperacji.[\/vc_column_text][\/vc_column][vc_column column_padding=&#8221;padding-1-percent&#8221; column_padding_tablet=&#8221;inherit&#8221; column_padding_phone=&#8221;inherit&#8221; column_padding_position=&#8221;all&#8221; column_element_spacing=&#8221;default&#8221; background_color_opacity=&#8221;1&#8243; background_hover_color_opacity=&#8221;1&#8243; column_shadow=&#8221;none&#8221; column_border_radius=&#8221;none&#8221; column_link_target=&#8221;_self&#8221; gradient_direction=&#8221;left_to_right&#8221; overlay_strength=&#8221;0.3&#8243; width=&#8221;1\/3&#8243; tablet_width_inherit=&#8221;default&#8221; tablet_text_alignment=&#8221;default&#8221; phone_text_alignment=&#8221;default&#8221; bg_image_animation=&#8221;none&#8221; border_type=&#8221;simple&#8221; column_border_width=&#8221;none&#8221; column_border_style=&#8221;solid&#8221;][vc_column_text]Etologia i\u00a0ekologia behawioralna to dwie ga\u0142\u0119zie wiedzy, b\u0119d\u0105ce naukowymi podstawami metodyki pracy szkoleniowej i\u00a0behawioralnej wypracowanej przez\u00a0Katarzyn\u0119 Wawryniuk podczas ponad 10 letniej praktyki. Studia biologiczne II\u00a0i\u00a0III stopnia na\u00a0Uniwersytecie Szczeci\u0144skim da\u0142y doskona\u0142e podwaliny do\u00a0pracy ze zwierz\u0119tami udomowionymi jak i\u00a0dzikimi (ptaki) zar\u00f3wno w\u00a0kontek\u015bcie szkoleniowym jak i\u00a0badawczym.[\/vc_column_text][\/vc_column][vc_column column_padding=&#8221;padding-1-percent&#8221; column_padding_tablet=&#8221;inherit&#8221; column_padding_phone=&#8221;inherit&#8221; column_padding_position=&#8221;all&#8221; column_element_spacing=&#8221;default&#8221; background_color_opacity=&#8221;1&#8243; background_hover_color_opacity=&#8221;1&#8243; column_shadow=&#8221;none&#8221; column_border_radius=&#8221;none&#8221; column_link_target=&#8221;_self&#8221; gradient_direction=&#8221;left_to_right&#8221; overlay_strength=&#8221;0.3&#8243; width=&#8221;1\/3&#8243; tablet_width_inherit=&#8221;default&#8221; tablet_text_alignment=&#8221;default&#8221; phone_text_alignment=&#8221;default&#8221; bg_image_animation=&#8221;none&#8221; border_type=&#8221;simple&#8221; column_border_width=&#8221;none&#8221; column_border_style=&#8221;solid&#8221;][vc_column_text css=&#8221;.vc_custom_1716383190807{border-top-width: 2px !important;border-right-width: 2px !important;border-bottom-width: 2px !important;border-left-width: 2px !important;padding-top: 40px !important;padding-right: 40px !important;padding-bottom: 40px !important;padding-left: 40px !important;border-left-color: #0a0a0a !important;border-left-style: solid !important;border-right-color: #0a0a0a !important;border-right-style: solid !important;border-top-color: #0a0a0a !important;border-top-style: solid !important;border-bottom-color: #0a0a0a !important;border-bottom-style: solid !important;}&#8221;]<\/p>\n<h6><span style=\"color: #50d18d;\"><span style=\"vertical-align: inherit;\"><span style=\"vertical-align: inherit;\"><span style=\"vertical-align: inherit;\"><span style=\"vertical-align: inherit;\">Wykszta\u0142cenia<\/span><\/span><\/span><\/span><\/span><\/h6>\n<p><span style=\"vertical-align: inherit;\"><span style=\"vertical-align: inherit;\">Certyfikat Zoopsychologa oraz dyplom uko\u0144czenia studi\u00f3w podyplomowych \u201eZoopsychologia \u2013zagadnienia podstawowe i aplikacyjne\u201d otrzyma\u0142a z r\u0105k prof. W.Pisuli. W trakcie tych studi\u00f3w mia\u0142a okazj\u0119 kszta\u0142ci\u0107 si\u0119 m.in. od prof. Turlejskiego, prof Jezierskiego, dr Trojana,\u00a0 dr hab. Kalety pod okiem kt\u00f3rego odbywa\u0142a praktyki m.in. w warszawskim ogrodzie zoologicznym.w.<\/span><\/span>[\/vc_column_text][divider line_type=&#8221;No Line&#8221; custom_height=&#8221;30&#8243;][vc_column_text css=&#8221;.vc_custom_1716383073217{border-top-width: 2px !important;border-right-width: 2px !important;border-bottom-width: 2px !important;border-left-width: 2px !important;padding-top: 40px !important;padding-right: 40px !important;padding-bottom: 40px !important;padding-left: 40px !important;border-left-color: #0a0a0a !important;border-left-style: solid !important;border-right-color: #0a0a0a !important;border-right-style: solid !important;border-top-color: #0a0a0a !important;border-top-style: solid !important;border-bottom-color: #0a0a0a !important;border-bottom-style: solid !important;}&#8221;]<\/p>\n<h6><span style=\"color: #50d18d;\"><span style=\"vertical-align: inherit;\"><span style=\"vertical-align: inherit;\">Kursy<\/span><\/span><\/span><\/h6>\n<p>Swoj\u0105 wiedz\u0119 czerpa\u0142a podczas stacjonarnych szkole\u0144 od m.in. takich autorytet\u00f3w jak Adam Miklosi, Daniel Mills, Raymond Coppingr, Juliane Kaminsky, Robert Falconer Taylor, Chirag Petel, Sabrina Brando czy\u00a0Sarah Fishr.[\/vc_column_text][divider line_type=&#8221;No Line&#8221; custom_height=&#8221;30&#8243;][vc_column_text css=&#8221;.vc_custom_1716383163729{border-top-width: 2px !important;border-right-width: 2px !important;border-bottom-width: 2px !important;border-left-width: 2px !important;padding-top: 40px !important;padding-right: 40px !important;padding-bottom: 40px !important;padding-left: 40px !important;border-left-color: #0a0a0a !important;border-left-style: solid !important;border-right-color: #0a0a0a !important;border-right-style: solid !important;border-top-color: #0a0a0a !important;border-top-style: solid !important;border-bottom-color: #0a0a0a !important;border-bottom-style: solid !important;}&#8221;]<\/p>\n<h6><span style=\"color: #50d18d;\"><span style=\"vertical-align: inherit;\"><span style=\"vertical-align: inherit;\">Dzia\u0142alno\u015b\u0107 szkoleniowa<\/span><\/span><\/span><\/h6>\n<p>Autorka licznych publikacji popularyzuj\u0105cych wiedz\u0119 z zakresu psychologii zwierz\u0105t, prelegentka na konferencjach naukowych i bran\u017cowych, wyk\u0142adowczyni na studiach podyplomowych dla behawioryst\u00f3w w tym na WSE w Krakowie (2019 \u2013 2021), tw\u00f3rczyni szkole\u0144 w formie webinari\u00f3w ciesz\u0105cych si\u0119 ogromn\u0105 popularno\u015bci\u0105 w\u015br\u00f3d behawioryst\u00f3w i trener\u00f3w. Obecnie wyk\u0142ada na kursach dla behawioryst\u00f3w m.in. dla TEB, Ethoplanet, Animal Expert.[\/vc_column_text][\/vc_column][\/vc_row][vc_row type=&#8221;full_width_content&#8221; full_screen_row_position=&#8221;middle&#8221; column_margin=&#8221;default&#8221; column_direction=&#8221;default&#8221; column_direction_tablet=&#8221;default&#8221; column_direction_phone=&#8221;default&#8221; scene_position=&#8221;center&#8221; text_color=&#8221;dark&#8221; text_align=&#8221;left&#8221; row_border_radius=&#8221;none&#8221; row_border_radius_applies=&#8221;bg&#8221; overlay_strength=&#8221;0.3&#8243; gradient_direction=&#8221;left_to_right&#8221; shape_divider_position=&#8221;bottom&#8221; bg_image_animation=&#8221;none&#8221;][vc_column column_padding=&#8221;padding-10-percent&#8221; column_padding_tablet=&#8221;inherit&#8221; column_padding_phone=&#8221;inherit&#8221; column_padding_position=&#8221;all&#8221; column_element_spacing=&#8221;default&#8221; background_color_opacity=&#8221;1&#8243; background_hover_color_opacity=&#8221;1&#8243; column_shadow=&#8221;none&#8221; column_border_radius=&#8221;none&#8221; column_link_target=&#8221;_self&#8221; gradient_direction=&#8221;left_to_right&#8221; overlay_strength=&#8221;0.3&#8243; width=&#8221;1\/2&#8243; tablet_width_inherit=&#8221;default&#8221; tablet_text_alignment=&#8221;default&#8221; phone_text_alignment=&#8221;default&#8221; bg_image_animation=&#8221;none&#8221; border_type=&#8221;simple&#8221; column_border_width=&#8221;none&#8221; column_border_style=&#8221;solid&#8221;][split_line_heading animation_type=&#8221;default&#8221;]<\/p>\n<h3><span style=\"color: #50d18d;\">Mi\u0142o\u015b\u0107 do zwierz\u0105t to dopiero pocz\u0105tek na drodze w zrozumieniu ich zachowania oraz sposob\u00f3w jego modyfikacji.<\/span><\/h3>\n<p>[\/split_line_heading][\/vc_column][vc_column column_padding=&#8221;no-extra-padding&#8221; column_padding_tablet=&#8221;inherit&#8221; column_padding_phone=&#8221;inherit&#8221; column_padding_position=&#8221;all&#8221; column_element_spacing=&#8221;default&#8221; background_color=&#8221;#212121&#8243; background_color_opacity=&#8221;1&#8243; background_hover_color_opacity=&#8221;1&#8243; column_shadow=&#8221;none&#8221; column_border_radius=&#8221;none&#8221; column_link_target=&#8221;_self&#8221; gradient_direction=&#8221;left_to_right&#8221; overlay_strength=&#8221;0.3&#8243; width=&#8221;1\/2&#8243; tablet_width_inherit=&#8221;default&#8221; tablet_text_alignment=&#8221;default&#8221; phone_text_alignment=&#8221;default&#8221; bg_image_animation=&#8221;none&#8221; enable_animation=&#8221;true&#8221; animation=&#8221;reveal-from-bottom&#8221; border_type=&#8221;simple&#8221; column_border_width=&#8221;none&#8221; column_border_style=&#8221;solid&#8221;][image_with_animation image_url=&#8221;203&#8243; animation=&#8221;Fade In&#8221; hover_animation=&#8221;none&#8221; alignment=&#8221;&#8221; border_radius=&#8221;none&#8221; box_shadow=&#8221;none&#8221; image_loading=&#8221;default&#8221; max_width=&#8221;100%&#8221; max_width_mobile=&#8221;default&#8221;][\/vc_column][\/vc_row][vc_row type=&#8221;in_container&#8221; full_screen_row_position=&#8221;middle&#8221; column_margin=&#8221;default&#8221; column_direction=&#8221;default&#8221; column_direction_tablet=&#8221;default&#8221; column_direction_phone=&#8221;default&#8221; scene_position=&#8221;center&#8221; text_color=&#8221;dark&#8221; text_align=&#8221;left&#8221; row_border_radius=&#8221;none&#8221; row_border_radius_applies=&#8221;bg&#8221; overlay_strength=&#8221;0.3&#8243; gradient_direction=&#8221;left_to_right&#8221; shape_divider_position=&#8221;bottom&#8221; bg_image_animation=&#8221;none&#8221;][vc_column column_padding=&#8221;no-extra-padding&#8221; column_padding_tablet=&#8221;inherit&#8221; column_padding_phone=&#8221;inherit&#8221; column_padding_position=&#8221;all&#8221; column_element_spacing=&#8221;default&#8221; background_color_opacity=&#8221;1&#8243; background_hover_color_opacity=&#8221;1&#8243; column_shadow=&#8221;none&#8221; column_border_radius=&#8221;none&#8221; column_link_target=&#8221;_self&#8221; gradient_direction=&#8221;left_to_right&#8221; overlay_strength=&#8221;0.3&#8243; width=&#8221;1\/1&#8243; tablet_width_inherit=&#8221;default&#8221; tablet_text_alignment=&#8221;default&#8221; phone_text_alignment=&#8221;default&#8221; bg_image_animation=&#8221;none&#8221; border_type=&#8221;simple&#8221; column_border_width=&#8221;none&#8221; column_border_style=&#8221;solid&#8221;][vc_column_text]Dzi\u0119ki wiedzy biologicznej doskonale rozumie zagadnienia zwi\u0105zane z\u00a0neurobiologicznymi mechanizmami zachowa\u0144, ewolucyjnymi i\u00a0ekologicznymi strategiami przetrwania przejawiaj\u0105cymi si\u0119 w\u00a0behawiorze zwierz\u0105t, anatomia i\u00a0fizjologia oraz\u00a0biochemia nie maj\u0105 dla\u00a0niej tajemnic.<\/p>\n<p>&nbsp;<\/p>\n<p>W\u00a0praktycznej pracy z\u00a0psami i\u00a0kotami stawia na\u00a0zrozumienie biologii tych zwierz\u0105t, proces\u00f3w udomowienia oraz\u00a0jego wp\u0142ywu na\u00a0relacje z\u00a0cz\u0142owiekiem, wnikliw\u0105 analiz\u0119 komunikacji, kooperacj\u0119, socjalizacj\u0119 i\u00a0zaanga\u017cowanie spo\u0142eczne. W\u00a0ostatnich latach rozpocz\u0119\u0142a studia i\u00a0prac\u0119 praktyczn\u0105 nad\u00a0wdro\u017ceniem do\u00a0protoko\u0142u pracy behawioralnej element\u00f3w opartych na\u00a0teorii poliwagalnej (Porges) i\u00a0integracji sensorycznej (Ayres) co przynios\u0142o bardzo zadawalaj\u0105ce efekty w\u00a0poprawie zachowania i\u00a0dobrostanu zwierz\u0105t do\u015bwiadczaj\u0105cych traumy, fobii, l\u0119k\u00f3w oraz\u00a0przejawiaj\u0105cych silne zachowania kompulsywne a\u00a0tak\u017ce agresywne wobec ludzi i\u00a0innych zwierz\u0105t. Na\u00a0bazie posiadanej wiedzy biologicznej, wieloletniej praktyki w\u00a0pracy z\u00a0bardzo trudnymi i\u00a0z\u0142o\u017conymi problemami z\u00a0zachowaniami ps\u00f3w i\u00a0kot\u00f3w opracowa\u0142a autorsk\u0105 metodyk\u0119 pracy, kt\u00f3r\u0105 promuje, dziel\u0105c si\u0119 wiedz\u0105 ze studentami i\u00a0s\u0142uchczami m.in. na\u00a0kursach \u201eZoopsycholog\u201d w\u00a0Ethoplanet.<\/p>\n<p>&nbsp;<\/p>\n<p>Prywatnie przewodniczka dw\u00f3ch suczek, kundelk\u00f3w, Kluski i\u00a0Tiny, kt\u00f3re s\u0105 dla\u00a0niej inspiracj\u0105 do\u00a0poszukiwania kolejnych rozwi\u0105za\u0144 i\u00a0pomys\u0142\u00f3w maj\u0105cych na\u00a0celu rozwik\u0142anie wszelkich zagadek behawioralnych dotycz\u0105cych r\u00f3wnie\u017c jej kursant\u00f3w i\u00a0podopiecznych.<\/p>\n<p>&nbsp;<\/p>\n<p>&nbsp;<\/p>\n<p>[\/vc_column_text][\/vc_column][\/vc_row][vc_row type=&#8221;in_container&#8221; full_screen_row_position=&#8221;middle&#8221; column_margin=&#8221;default&#8221; column_direction=&#8221;default&#8221; column_direction_tablet=&#8221;default&#8221; column_direction_phone=&#8221;default&#8221; scene_position=&#8221;center&#8221; text_color=&#8221;dark&#8221; text_align=&#8221;left&#8221; row_border_radius=&#8221;none&#8221; row_border_radius_applies=&#8221;bg&#8221; overlay_strength=&#8221;0.3&#8243; gradient_direction=&#8221;left_to_right&#8221; shape_divider_position=&#8221;bottom&#8221; bg_image_animation=&#8221;none&#8221;][vc_column column_padding=&#8221;no-extra-padding&#8221; column_padding_tablet=&#8221;inherit&#8221; column_padding_phone=&#8221;inherit&#8221; column_padding_position=&#8221;all&#8221; column_element_spacing=&#8221;default&#8221; background_color_opacity=&#8221;1&#8243; background_hover_color_opacity=&#8221;1&#8243; column_shadow=&#8221;none&#8221; column_border_radius=&#8221;none&#8221; column_link_target=&#8221;_self&#8221; gradient_direction=&#8221;left_to_right&#8221; overlay_strength=&#8221;0.3&#8243; width=&#8221;1\/1&#8243; tablet_width_inherit=&#8221;default&#8221; tablet_text_alignment=&#8221;default&#8221; phone_text_alignment=&#8221;default&#8221; bg_image_animation=&#8221;none&#8221; border_type=&#8221;simple&#8221; column_border_width=&#8221;none&#8221; column_border_style=&#8221;solid&#8221;][vc_column_text]<\/p>\n<div class=\"xdj266r x11i5rnm xat24cr x1mh8g0r x1vvkbs x126k92a\">\n<div dir=\"auto\"><strong>mgr Katarzyna Wawryniuk<\/strong> \u2013<\/div>\n<\/div>\n<div class=\"x11i5rnm xat24cr x1mh8g0r x1vvkbs xtlvy1s x126k92a\">\n<ul>\n<li dir=\"auto\">8-9.12.2012,Warszawa Agresywny pies \u2013 Ocena zagro\u017cenia i analiza przypadk\u00f3w. Prelegent: Joel Dehasse<\/li>\n<li dir=\"auto\">06.2012, Jarkowo Warsztaty: \u201cNajpierw wytresuj kurczaka\u201d, Prowadz\u0105cy: Jakub Go\u0142\u0105b, Ma\u0142gorzata Go\u0142\u0105b<\/li>\n<li dir=\"auto\">20.04.2013, Szczecin II Mi\u0119dzynarodowa Mi\u0119dzyuczelniana Konferencja Dzie\u0144 M\u00f3zgu. Organizatorzy: prof.dr hab.n.med. Jerzy Samochowiec, dr hab.prof. US Andrzej Potemowski<\/li>\n<li dir=\"auto\">08.06.2014, Pozna\u0144 Akademia Medycyny Behawioralnej pt. L\u0119kliwy pies, \u201cz\u0142o\u015bliwy\u201d kot \u2013 cz\u0119sty pacjent w gabinecie weterynaryjnym. Prelegenci: Joanna Iracka, Aleksandra S\u0142yk-Prze\u017adziecka<\/li>\n<li dir=\"auto\">11.04.2015, Szczecin IV Mi\u0119dzyuczelniana Konferencja Dzie\u0144 M\u00f3zgu. Organizatorzy: prof.dr hab.n.med. Jerzy Samochowiec, dr hab.prof. US Andrzej Potemowski<\/li>\n<li dir=\"auto\">15.05.2015, Wroc\u0142aw Mechanizmy zachowania zwierz\u0105t oraz mo\u017cliwo\u015bci ich modelowania. Prelegenci: prof. Adam Miklosi, dr Martin Denhard, dr hab. Maciej Trojan, dr Manuel Mengoli<\/li>\n<li dir=\"auto\">7-8.11.2015 Warszawa, Falenty Pies: zachowania spo\u0142eczne i poznawcze. Prelegent: dr Juliane Kaminsky<\/li>\n<li dir=\"auto\">30.07.2016, Wroc\u0142aw Etologia i ekologia behawioralna psa domowego. Prelegent: prof. Raymond Coppinger<\/li>\n<li dir=\"auto\">12.11.2016 Emocjonalno\u015b\u0107 ps\u00f3w i kot\u00f3w, problemy behawioralne i terapia- aspekty praktyczne w praktyce weterynaryjnej i pracy behawiorysty zwierz\u0105t. Prelegent: dr Robert Falconer-Taylor<\/li>\n<li dir=\"auto\">14.01.2017, Szczecin, Kot- Jak pozna\u0107? Antonina Kondrasiuk<\/li>\n<li dir=\"auto\">04.03.2017, Szczecin, Koty: Zdrowie, Zachowanie, Pierwsza pomoc, Ma\u0142gorzata Biega\u0144ska \u2013 Hendryk<\/li>\n<li dir=\"auto\">6-7.05.2017, Warszawa Medycyna behawioralna kot\u00f3w dla praktyk\u00f3w. Prelegent: dr Sabine Schroll<\/li>\n<li dir=\"auto\">26.05.2017 Wroc\u0142aw Mechanizmy zachowa\u0144 zwierz\u0105t oraz mo\u017cliwo\u015bci ich modelowania. Prelegenci: Ewa J. Godzi\u0144ska, Marta Gacsi, Anna kis, Andrzej K\u0142osi\u0144ski, Borbala Turcsan<\/li>\n<li dir=\"auto\">20.10.2017, \u0141\u00f3d\u017a B\u00f3l, l\u0119k, depresja a emocje i zachowanie \u2013 aspekty praktyczne w praktyce weterynaryjnej i pracy behawiorysty zwierz\u0105t. Prelegenci: dr Robert Falconer-Taylor, mgr Andrzej K\u0142osi\u0144ski<\/li>\n<li dir=\"auto\">08.09. 2018, Szczecin, Zdrowe \u017cywienie kot\u00f3w, Ma\u0142gorzata Biega\u0144ska-Hendryk<\/li>\n<li dir=\"auto\">16-18.11.2018, Warszawa II Mi\u0119dzynarodowa konferencja : Animal training methods 2018. Prelegenci: Sarah Fisher, Sabrina Brando, Chirag Patel dodatkowo: Warsztaty \u201cPierwsza pomoc przedweterynaryjna dla ps\u00f3w i kot\u00f3w\u201d oraz \u201cZabawy w\u0119chowe dla ps\u00f3w\u201d<\/li>\n<li dir=\"auto\">16-19.03.2019, Warszawa, Zachowania i emocje ps\u00f3w, prof. Daniel Mills<\/li>\n<li dir=\"auto\">ponadto seminaria z zakresu sport\u00f3w kynologicznych:<\/li>\n<\/ul>\n<\/div>\n<div class=\"x11i5rnm xat24cr x1mh8g0r x1vvkbs xtlvy1s x126k92a\">\n<div dir=\"auto\">marzec 2013 \u2013 Seminarium obediene prowadz\u0105cy: Joanna Hewelt<\/div>\n<div dir=\"auto\">czerwiec 2016 , Seminarium obedience, prowadz\u0105cy Gonzalo Figueroa Counagro<\/div>\n<div dir=\"auto\">wrzesie\u0144 2018, Seminarium obedience prowadz\u0105cy: Jagoda Wejchan<\/div>\n<div dir=\"auto\">marzec 2019, Profilaktyka aparatu ruchu, prowadz\u0105cy: dr Katarzyna P\u0119zi\u0144ska- Kijak<\/div>\n<\/div>\n<div dir=\"auto\"><\/div>\n<div dir=\"auto\">Ju\u017c nied\u0142ugo aktualizacja tej listy o ostatnie odbyte i poprowadzone szkolenia specjalistyczne.<\/div>\n<p>[\/vc_column_text][\/vc_column][\/vc_row]<\/p>\n<div class=\"sharing-default-minimal post-bottom\"><div class=\"nectar-social default\" data-position=\"\" data-rm-love=\"0\" data-color-override=\"override\"><div class=\"nectar-social-inner\"><a href=\"#\" class=\"nectar-love\" id=\"nectar-love-617\" title=\"Love this\"> <i class=\"icon-salient-heart-2\"><\/i><span class=\"love-text\">Love<\/span><span class=\"total_loves\"><span class=\"nectar-love-count\">0<\/span><\/span><\/a><a class='facebook-share nectar-sharing' href='#' title='Share this'> <i class='fa fa-facebook'><\/i> <span class='social-text'>Share<\/span> <\/a><\/div><\/div><\/div>","protected":false},"excerpt":{"rendered":"<p>[vc_row type=&#8221;full_width_background&#8221; full_screen_row_position=&#8221;middle&#8221; column_margin=&#8221;default&#8221; column_direction=&#8221;default&#8221; column_direction_tablet=&#8221;default&#8221; column_direction_phone=&#8221;default&#8221; bg_color=&#8221;#f9f9f9&#8243; scene_position=&#8221;center&#8221; top_padding=&#8221;5%&#8221; text_color=&#8221;dark&#8221; text_align=&#8221;left&#8221; row_border_radius=&#8221;none&#8221; row_border_radius_applies=&#8221;bg&#8221; overlay_strength=&#8221;0.3&#8243; [&hellip;]<\/p>\n","protected":false},"author":2,"featured_media":203,"parent":0,"menu_order":0,"comment_status":"closed","ping_status":"closed","template":"","meta":{"footnotes":""},"_links":{"self":[{"href":"https:\/\/eduanimalis.pl\/index.php\/wp-json\/wp\/v2\/pages\/617"}],"collection":[{"href":"https:\/\/eduanimalis.pl\/index.php\/wp-json\/wp\/v2\/pages"}],"about":[{"href":"https:\/\/eduanimalis.pl\/index.php\/wp-json\/wp\/v2\/types\/page"}],"author":[{"embeddable":true,"href":"https:\/\/eduanimalis.pl\/index.php\/wp-json\/wp\/v2\/users\/2"}],"replies":[{"embeddable":true,"href":"https:\/\/eduanimalis.pl\/index.php\/wp-json\/wp\/v2\/comments?post=617"}],"version-history":[{"count":18,"href":"https:\/\/eduanimalis.pl\/index.php\/wp-json\/wp\/v2\/pages\/617\/revisions"}],"predecessor-version":[{"id":652,"href":"https:\/\/eduanimalis.pl\/index.php\/wp-json\/wp\/v2\/pages\/617\/revisions\/652"}],"wp:featuredmedia":[{"embeddable":true,"href":"https:\/\/eduanimalis.pl\/index.php\/wp-json\/wp\/v2\/media\/203"}],"wp:attachment":[{"href":"https:\/\/eduanimalis.pl\/index.php\/wp-json\/wp\/v2\/media?parent=617"}],"curies":[{"name":"wp","href":"https:\/\/api.w.org\/{rel}","templated":true}]}}