{"id":136,"date":"2022-07-05T10:12:20","date_gmt":"2022-07-05T08:12:20","guid":{"rendered":"http:\/\/eduanimalis.pl\/?post_type=product&#038;p=136"},"modified":"2022-07-05T10:12:20","modified_gmt":"2022-07-05T08:12:20","slug":"opieka-nad-psem-z-elementami-szkoleniowymi","status":"publish","type":"product","link":"https:\/\/eduanimalis.pl\/index.php\/produkt\/opieka-nad-psem-z-elementami-szkoleniowymi\/","title":{"rendered":"Opieka nad psem z elementami szkoleniowymi"},"content":{"rendered":"<p>W zakres treningu opcjonalnie, wg wcze\u015bniejszych ustale\u0144 z opiekunem zwierz\u0119cia wchodzi:<\/p>\n<p>\u2981 trening socjalizacyjny,<br \/>\n\u2981 elementy pos\u0142usze\u0144stwa,<br \/>\n\u2981 nosework,<br \/>\n\u2981 rally-o,<br \/>\n\u2981 chodzenie na lu\u017anej smyczy,<br \/>\n\u2981 skuteczne przywo\u0142anie,<br \/>\n\u2981 i inne ustalone na podstawie potrzeb i mo\u017cliwo\u015bci zwierz\u0119cia.<\/p>\n<div class=\"vc_col-sm-6 wpb_column column_container vc_column_container col no-extra-padding inherit_tablet inherit_phone \" data-padding-pos=\"all\" data-has-bg-color=\"false\" data-bg-color=\"\" data-bg-opacity=\"1\" data-animation=\"\" data-delay=\"0\">\n<div class=\"vc_column-inner\">\n<div class=\"wpb_wrapper\">\n<div class=\"wpb_text_column wpb_content_element \">\n<div class=\"wpb_wrapper\">\n<p>Po ka\u017cdym spotkaniu \u2013 trener przekazuje opiekunowi zwierz\u0119cia notatk\u0119 z zaleceniami do samodzielnej pracy i kontynuowania szkolenia. W cenie 60 minut treningu z opiekunem zwierz\u0119cia w terminie nie d\u0142u\u017cszym ni\u017c tydzie\u0144 po odbytej us\u0142udze szkoleniowej.<\/p>\n<\/div>\n<\/div>\n<\/div>\n<\/div>\n<\/div>\n<div class=\"sharing-default-minimal post-bottom\"><div class=\"nectar-social default\" data-position=\"\" data-rm-love=\"0\" data-color-override=\"override\"><div class=\"nectar-social-inner\"><a href=\"#\" class=\"nectar-love\" id=\"nectar-love-136\" title=\"Love this\"> <i class=\"icon-salient-heart-2\"><\/i><span class=\"love-text\">Love<\/span><span class=\"total_loves\"><span class=\"nectar-love-count\">0<\/span><\/span><\/a><a class='facebook-share nectar-sharing' href='#' title='Share this'> <i class='fa fa-facebook'><\/i> <span class='social-text'>Share<\/span> <\/a><\/div><\/div><\/div>","protected":false},"excerpt":{"rendered":"<p>Oferta skierowana do zapracowanych opiekun\u00f3w ps\u00f3w, kt\u00f3rzy martwi\u0105 si\u0119, \u017ce ich zwierz\u0119 podczas ich nieobecno\u015bci jest samotne. Istnieje mo\u017cliwo\u015b\u0107 wykupienia opieki nad psem na godziny pod czujnym okiem trenera.<\/p>\n","protected":false},"featured_media":139,"comment_status":"open","ping_status":"closed","template":"","meta":[],"product_cat":[39],"product_tag":[],"_links":{"self":[{"href":"https:\/\/eduanimalis.pl\/index.php\/wp-json\/wp\/v2\/product\/136"}],"collection":[{"href":"https:\/\/eduanimalis.pl\/index.php\/wp-json\/wp\/v2\/product"}],"about":[{"href":"https:\/\/eduanimalis.pl\/index.php\/wp-json\/wp\/v2\/types\/product"}],"replies":[{"embeddable":true,"href":"https:\/\/eduanimalis.pl\/index.php\/wp-json\/wp\/v2\/comments?post=136"}],"wp:featuredmedia":[{"embeddable":true,"href":"https:\/\/eduanimalis.pl\/index.php\/wp-json\/wp\/v2\/media\/139"}],"wp:attachment":[{"href":"https:\/\/eduanimalis.pl\/index.php\/wp-json\/wp\/v2\/media?parent=136"}],"wp:term":[{"taxonomy":"product_cat","embeddable":true,"href":"https:\/\/eduanimalis.pl\/index.php\/wp-json\/wp\/v2\/product_cat?post=136"},{"taxonomy":"product_tag","embeddable":true,"href":"https:\/\/eduanimalis.pl\/index.php\/wp-json\/wp\/v2\/product_tag?post=136"}],"curies":[{"name":"wp","href":"https:\/\/api.w.org\/{rel}","templated":true}]}}