{"id":140,"date":"2022-07-05T10:15:20","date_gmt":"2022-07-05T08:15:20","guid":{"rendered":"http:\/\/eduanimalis.pl\/?post_type=product&#038;p=140"},"modified":"2022-07-05T10:20:17","modified_gmt":"2022-07-05T08:20:17","slug":"szkolenie-indywidualne-psow","status":"publish","type":"product","link":"https:\/\/eduanimalis.pl\/index.php\/produkt\/szkolenie-indywidualne-psow\/","title":{"rendered":"Szkolenie indywidualne ps\u00f3w"},"content":{"rendered":"<p>[vc_row type=&#8221;in_container&#8221; full_screen_row_position=&#8221;middle&#8221; column_margin=&#8221;default&#8221; column_direction=&#8221;default&#8221; column_direction_tablet=&#8221;default&#8221; column_direction_phone=&#8221;default&#8221; scene_position=&#8221;center&#8221; text_color=&#8221;dark&#8221; text_align=&#8221;left&#8221; row_border_radius=&#8221;none&#8221; row_border_radius_applies=&#8221;bg&#8221; overlay_strength=&#8221;0.3&#8243; gradient_direction=&#8221;left_to_right&#8221; shape_divider_position=&#8221;bottom&#8221; bg_image_animation=&#8221;none&#8221;][vc_column column_padding=&#8221;no-extra-padding&#8221; column_padding_tablet=&#8221;inherit&#8221; column_padding_phone=&#8221;inherit&#8221; column_padding_position=&#8221;all&#8221; column_element_spacing=&#8221;default&#8221; background_color_opacity=&#8221;1&#8243; background_hover_color_opacity=&#8221;1&#8243; column_shadow=&#8221;none&#8221; column_border_radius=&#8221;none&#8221; column_link_target=&#8221;_self&#8221; gradient_direction=&#8221;left_to_right&#8221; overlay_strength=&#8221;0.3&#8243; width=&#8221;1\/2&#8243; tablet_width_inherit=&#8221;default&#8221; tablet_text_alignment=&#8221;default&#8221; phone_text_alignment=&#8221;default&#8221; bg_image_animation=&#8221;none&#8221; border_type=&#8221;simple&#8221; column_border_width=&#8221;none&#8221; column_border_style=&#8221;solid&#8221;][vc_column_text]<\/p>\n<div id=\"fws_62c3f27217744\" data-column-margin=\"default\" data-midnight=\"dark\">\n<div>\n<div data-padding-pos=\"all\" data-has-bg-color=\"false\" data-bg-color=\"\" data-bg-opacity=\"1\" data-animation=\"\" data-delay=\"0\">\n<div>\n<div>\n<div>\n<div>\n<p>Koszt:<\/p>\n<p>6 spotka\u0144 ( 1 lub 2 razy w tygodniu) \u2013 1200z\u0142<br \/>\n10 spotka\u0144 (2 razy w tygodniu) \u2013 1900z\u0142<\/p>\n<\/div>\n<\/div>\n<\/div>\n<\/div>\n<\/div>\n<\/div>\n<\/div>\n<div id=\"fws_62c3f27218919\" data-column-margin=\"default\" data-midnight=\"dark\">\n<div data-bg-animation=\"none\" data-bg-overlay=\"false\">\n<div>\n<div><\/div>\n<\/div>\n<\/div>\n<div>\n<div data-padding-pos=\"all\" data-has-bg-color=\"false\" data-bg-color=\"\" data-bg-opacity=\"1\" data-animation=\"\" data-delay=\"0\">\n<div>\n<div>\n<div>\n<div>\n<p>Szkolenie indywidualne ma bardzo intensywny i efektywny przebieg. w cenie zawarte s\u0105:<\/p>\n<p>\u2981 dojazd trenera,<br \/>\n\u2981 trening trwaj\u0105cy 1h,<br \/>\n\u2981 sta\u0142y kontakt telefoniczny lub mailowy w godzinach pracy trenera,<br \/>\n\u2981 kr\u00f3tkie notatki z zaleceniami po ka\u017cdym spotkaniu,<br \/>\n\u2981 realizacja planu szkoleniowego, skomponowanego pod indywidualne potrzeby i mo\u017cliwo\u015bci zwierz\u0119cia.<\/p>\n<div data-padding-pos=\"all\" data-has-bg-color=\"false\" data-bg-color=\"\" data-bg-opacity=\"1\" data-animation=\"\" data-delay=\"0\">\n<div>\n<div>\n<div>\n<div>\n<p>&nbsp;<\/p>\n<\/div>\n<\/div>\n<\/div>\n<\/div>\n<\/div>\n<\/div>\n<\/div>\n<\/div>\n<\/div>\n<\/div>\n<\/div>\n<\/div>\n<p>[\/vc_column_text][nectar_btn size=&#8221;large&#8221; button_style=&#8221;regular&#8221; button_color_2=&#8221;Accent-Color&#8221; icon_family=&#8221;none&#8221; text=&#8221;Zapisz si\u0119 na szkolenie indywidualne&#8221; margin_left=&#8221;100&#8243;][\/vc_column][vc_column column_padding=&#8221;no-extra-padding&#8221; column_padding_tablet=&#8221;inherit&#8221; column_padding_phone=&#8221;inherit&#8221; column_padding_position=&#8221;all&#8221; column_element_spacing=&#8221;default&#8221; background_color_opacity=&#8221;1&#8243; background_hover_color_opacity=&#8221;1&#8243; column_shadow=&#8221;none&#8221; column_border_radius=&#8221;none&#8221; column_link_target=&#8221;_self&#8221; gradient_direction=&#8221;left_to_right&#8221; overlay_strength=&#8221;0.3&#8243; width=&#8221;1\/2&#8243; tablet_width_inherit=&#8221;default&#8221; tablet_text_alignment=&#8221;default&#8221; phone_text_alignment=&#8221;default&#8221; bg_image_animation=&#8221;none&#8221; border_type=&#8221;simple&#8221; column_border_width=&#8221;none&#8221; column_border_style=&#8221;solid&#8221;][vc_column_text]Tematy szkole\u0144:<\/p>\n<p>\u2981 Skuteczne przywo\u0142anie i zatrzymanie awaryjne,<br \/>\n\u2981 Lu\u017ana smycz w ka\u017cdych warunkach,<br \/>\n\u2981 Podstawowe komendy statyczne \u2013 siad, waruj\/le\u017ae\u0107, zosta\u0144, noga,<br \/>\n\u2981 Podstawowe komendy w ruchu \u2013 idziemy, r\u00f3wnaj, na miejsce, zmiana kierunku, chodzenie przy nodze,<br \/>\n\u2981 Podstawowe komendy zwi\u0105zane z rezygnacj\u0105 z bod\u017aca wraz z elementami autokontroli, samokontroli, koregulacji \u2013 zostaw, pu\u015b\u0107, fe, nie,<br \/>\n\u2981 Relacja na 5 czyli nawi\u0105zywanie kontaktu wzrokowego psa z przewodnikiem, kontakt dotykowy, pod\u0105\u017canie psa za przewodnikiem, prawid\u0142owa zabawa, odpoczynek i nicnierobienie,<br \/>\n\u2981 Pies w mie\u015bcie \u2013 trening habituacji, odwra\u017cliwiania i przystosowania psa do komfortowego funkcjonowania w przestrzeni miejskiej.<\/p>\n<p>&nbsp;[\/vc_column_text][\/vc_column][\/vc_row]<\/p>\n<div class=\"sharing-default-minimal post-bottom\"><div class=\"nectar-social default\" data-position=\"\" data-rm-love=\"0\" data-color-override=\"override\"><div class=\"nectar-social-inner\"><a href=\"#\" class=\"nectar-love\" id=\"nectar-love-140\" title=\"Love this\"> <i class=\"icon-salient-heart-2\"><\/i><span class=\"love-text\">Love<\/span><span class=\"total_loves\"><span class=\"nectar-love-count\">0<\/span><\/span><\/a><a class='facebook-share nectar-sharing' href='#' title='Share this'> <i class='fa fa-facebook'><\/i> <span class='social-text'>Share<\/span> <\/a><\/div><\/div><\/div>","protected":false},"excerpt":{"rendered":"<p>Przeznaczone jest dla os\u00f3b ceni\u0105cych sobie indywidualne podej\u015bcie oraz bezpo\u015bredni, sta\u0142y kontakt z trenerem, wspieraj\u0105cym kursanta w procesie szkoleniowym.<\/p>\n","protected":false},"featured_media":141,"comment_status":"open","ping_status":"closed","template":"","meta":[],"product_cat":[39],"product_tag":[],"_links":{"self":[{"href":"https:\/\/eduanimalis.pl\/index.php\/wp-json\/wp\/v2\/product\/140"}],"collection":[{"href":"https:\/\/eduanimalis.pl\/index.php\/wp-json\/wp\/v2\/product"}],"about":[{"href":"https:\/\/eduanimalis.pl\/index.php\/wp-json\/wp\/v2\/types\/product"}],"replies":[{"embeddable":true,"href":"https:\/\/eduanimalis.pl\/index.php\/wp-json\/wp\/v2\/comments?post=140"}],"wp:featuredmedia":[{"embeddable":true,"href":"https:\/\/eduanimalis.pl\/index.php\/wp-json\/wp\/v2\/media\/141"}],"wp:attachment":[{"href":"https:\/\/eduanimalis.pl\/index.php\/wp-json\/wp\/v2\/media?parent=140"}],"wp:term":[{"taxonomy":"product_cat","embeddable":true,"href":"https:\/\/eduanimalis.pl\/index.php\/wp-json\/wp\/v2\/product_cat?post=140"},{"taxonomy":"product_tag","embeddable":true,"href":"https:\/\/eduanimalis.pl\/index.php\/wp-json\/wp\/v2\/product_tag?post=140"}],"curies":[{"name":"wp","href":"https:\/\/api.w.org\/{rel}","templated":true}]}}