{"id":581,"date":"2024-05-21T17:09:21","date_gmt":"2024-05-21T15:09:21","guid":{"rendered":"http:\/\/eduanimalis.pl\/?post_type=product&#038;p=581"},"modified":"2025-04-08T23:08:12","modified_gmt":"2025-04-08T21:08:12","slug":"warsztaty-lesne","status":"publish","type":"product","link":"https:\/\/eduanimalis.pl\/index.php\/produkt\/warsztaty-lesne\/","title":{"rendered":"Warsztaty le\u015bne"},"content":{"rendered":"<p>Czas trwania: 2,3-3h<\/p>\n<p>Miejsce: Komorze G\u00f3ry, Puszcza Wkrza\u0144ska<\/p>\n<p>Liczba ps\u00f3w w grupie: max 10<\/p>\n<p>Kto prowadzi zaj\u0119cia: Katarzyna Wawryniuk, Aleksandra Fydryszewska<\/p>\n<p>Cena: 250zl<\/p>\n<p>Uwaga \u2013 nieobecno\u015bci nie b\u0119d\u0105 odrabiane, brak obecno\u015bci \u2013 trening przepada.<\/p>\n<p>&nbsp;<\/p>\n<p>Warsztaty maj\u0105 form\u0119\u00a0 spokojnego spaceru ze stacjami, gdzie prowadz\u0105ce przygotowuj\u0105 ciekawe, \u0142agodne aktywno\u015bci, \u0107wiczenia. Podczas warsztat\u00f3w skupiamy si\u0119 na pracy z psem, przy okazji relaksuj\u0105c ludzi J.<\/p>\n<p>Ka\u017cde warsztaty maj\u0105 inny scenariusz \u2013 zapraszamy!<\/p>\n<div class=\"sharing-default-minimal post-bottom\"><div class=\"nectar-social default\" data-position=\"\" data-rm-love=\"0\" data-color-override=\"override\"><div class=\"nectar-social-inner\"><a href=\"#\" class=\"nectar-love\" id=\"nectar-love-581\" title=\"Love this\"> <i class=\"icon-salient-heart-2\"><\/i><span class=\"love-text\">Love<\/span><span class=\"total_loves\"><span class=\"nectar-love-count\">0<\/span><\/span><\/a><a class='facebook-share nectar-sharing' href='#' title='Share this'> <i class='fa fa-facebook'><\/i> <span class='social-text'>Share<\/span> <\/a><\/div><\/div><\/div>","protected":false},"excerpt":{"rendered":"<h6>Warsztaty dedykowane kursantom EduAnimalis szukaj\u0105cym balansu, relaksacji, poczucia przynale\u017cno\u015bci do fajnej grupy psiarzy o podobnych preferencjach. R\u00f3wnie\u017c dla tych, kt\u00f3rym relaks przychodzi bardzo trudno i potrzebuj\u0105 zbudowa\u0107 sobie do tego odpowiedni\u0105 przestrze\u0144, czas i towarzystwo. Dla os\u00f3b chc\u0105cych pozna\u0107 zastosowanie teorii poliwagalnej w praktyce.<\/h6>\n<h6>Co daj\u0105 warsztaty:<\/h6>\n<h6>&#8211; Trening uwa\u017cno\u015bci skierowanej na samego siebie i w\u0142asnego psa<\/h6>\n<h6>&#8211; Nauka zauwa\u017cania\u00a0 i interpretowania emocji i nastroju u psa<\/h6>\n<h6>&#8211; Wsp\u00f3lne \u0107wiczenia og\u00f3lnorozwojowe i oddechowe, trening nerwu b\u0142\u0119dnego i \u015bwiadomo\u015bci cia\u0142a.<\/h6>\n<h6>&#8211; Elementy integracji sensorycznej dla ps\u00f3w.<\/h6>\n<h6>&#8211; Socjalizacja i koregulacja ps\u00f3w i ludzi.<\/h6>\n<h6>&#8211; D\u0142ugi spacer ciekaw\u0105, nieoczywist\u0105 tras\u0105<\/h6>\n<h6>&#8211; Poczucie odpr\u0119\u017cenia i poprawy humoru<\/h6>\n<h6>&#8211; Nauk\u0119 organizowania sobie przestrzeni do relaksacji z psem.<\/h6>\n","protected":false},"featured_media":582,"comment_status":"open","ping_status":"closed","template":"","meta":[],"product_cat":[66,58],"product_tag":[83,80,81,82,84],"_links":{"self":[{"href":"https:\/\/eduanimalis.pl\/index.php\/wp-json\/wp\/v2\/product\/581"}],"collection":[{"href":"https:\/\/eduanimalis.pl\/index.php\/wp-json\/wp\/v2\/product"}],"about":[{"href":"https:\/\/eduanimalis.pl\/index.php\/wp-json\/wp\/v2\/types\/product"}],"replies":[{"embeddable":true,"href":"https:\/\/eduanimalis.pl\/index.php\/wp-json\/wp\/v2\/comments?post=581"}],"wp:featuredmedia":[{"embeddable":true,"href":"https:\/\/eduanimalis.pl\/index.php\/wp-json\/wp\/v2\/media\/582"}],"wp:attachment":[{"href":"https:\/\/eduanimalis.pl\/index.php\/wp-json\/wp\/v2\/media?parent=581"}],"wp:term":[{"taxonomy":"product_cat","embeddable":true,"href":"https:\/\/eduanimalis.pl\/index.php\/wp-json\/wp\/v2\/product_cat?post=581"},{"taxonomy":"product_tag","embeddable":true,"href":"https:\/\/eduanimalis.pl\/index.php\/wp-json\/wp\/v2\/product_tag?post=581"}],"curies":[{"name":"wp","href":"https:\/\/api.w.org\/{rel}","templated":true}]}}