{"id":593,"date":"2024-05-21T22:02:38","date_gmt":"2024-05-21T20:02:38","guid":{"rendered":"https:\/\/eduanimalis.pl\/?post_type=product&#038;p=593"},"modified":"2025-03-17T15:34:08","modified_gmt":"2025-03-17T14:34:08","slug":"przedszkole-dla-szczeniat","status":"publish","type":"product","link":"https:\/\/eduanimalis.pl\/index.php\/produkt\/przedszkole-dla-szczeniat\/","title":{"rendered":"Przedszkole dla szczeni\u0105t"},"content":{"rendered":"<p>Start kursu: 08.09. 2024<\/p>\n<p>Terminy spotka\u0144: 8,15,22,29. 09 .2024<\/p>\n<p>Godzina: 10.00<\/p>\n<p>Miejsce: Ogr\u00f3d EduAnimalis S\u0142oneczna 8, Wo\u0142czkowo, pracujemy na przyjaznym,\u00a0 trawiastym i ogrodzonym terenie, dobrze wyposa\u017conym w sprz\u0119t m. in do integracji sensorycznej dla szczeni\u0105t.<\/p>\n<p>Trener: Katarzyna Wawryniuk<\/p>\n<p>Liczba spotka\u0144: 4<\/p>\n<p>Liczba piesk\u00f3w w grupie &#8211; max 5<\/p>\n<p>Cena: 375<\/p>\n<div class=\"sharing-default-minimal post-bottom\"><div class=\"nectar-social default\" data-position=\"\" data-rm-love=\"0\" data-color-override=\"override\"><div class=\"nectar-social-inner\"><a href=\"#\" class=\"nectar-love\" id=\"nectar-love-593\" title=\"Love this\"> <i class=\"icon-salient-heart-2\"><\/i><span class=\"love-text\">Love<\/span><span class=\"total_loves\"><span class=\"nectar-love-count\">0<\/span><\/span><\/a><a class='facebook-share nectar-sharing' href='#' title='Share this'> <i class='fa fa-facebook'><\/i> <span class='social-text'>Share<\/span> <\/a><\/div><\/div><\/div>","protected":false},"excerpt":{"rendered":"<h6>Zapraszamy szczeniaczki w wieku 3-5 miesi\u0119cy. Przedszkole dla szczeni\u0105t to okazja do rozkwitu piesk\u00f3w w kontrolowanych warunkach pod okiem do\u015bwiadczonych trenerek i zoopsycholog\u00f3w.<\/h6>\n<h6>Co daje przedszkole szczeniakom:<\/h6>\n<ul>\n<li>\n<h6>Rozw\u00f3j kompetencji spo\u0142ecznych<\/h6>\n<\/li>\n<li>\n<h6>Kszta\u0142towanie odporno\u015bci emocjonalnej<\/h6>\n<\/li>\n<li>\n<h6>Nauka neutralnego stosunku do \u015brodowiska ( aby szczeniaczek nie nakr\u0119ca\u0142 si\u0119 na wszystko)<\/h6>\n<\/li>\n<li>\n<h6>Socjalizacj\u0119 i integracj\u0119 ze spo\u0142ecze\u0144stwem psio-ludzkim<\/h6>\n<\/li>\n<li>\n<h6>Umiej\u0119tno\u015bci takie jak: przychodzenie na zawo\u0142anie, koncentracja na opiekunie w czasie komunikacji, wykonywania podstawowych komend.<\/h6>\n<\/li>\n<li>\n<h6>Rozwiazywanie szczeniaczkowych problem\u00f3w z zachowaniem<\/h6>\n<\/li>\n<li>\n<h6>Podstawowe komendy<\/h6>\n<\/li>\n<\/ul>\n","protected":false},"featured_media":594,"comment_status":"open","ping_status":"closed","template":"","meta":[],"product_cat":[16],"product_tag":[89,87,67,26,86,85,88],"_links":{"self":[{"href":"https:\/\/eduanimalis.pl\/index.php\/wp-json\/wp\/v2\/product\/593"}],"collection":[{"href":"https:\/\/eduanimalis.pl\/index.php\/wp-json\/wp\/v2\/product"}],"about":[{"href":"https:\/\/eduanimalis.pl\/index.php\/wp-json\/wp\/v2\/types\/product"}],"replies":[{"embeddable":true,"href":"https:\/\/eduanimalis.pl\/index.php\/wp-json\/wp\/v2\/comments?post=593"}],"wp:featuredmedia":[{"embeddable":true,"href":"https:\/\/eduanimalis.pl\/index.php\/wp-json\/wp\/v2\/media\/594"}],"wp:attachment":[{"href":"https:\/\/eduanimalis.pl\/index.php\/wp-json\/wp\/v2\/media?parent=593"}],"wp:term":[{"taxonomy":"product_cat","embeddable":true,"href":"https:\/\/eduanimalis.pl\/index.php\/wp-json\/wp\/v2\/product_cat?post=593"},{"taxonomy":"product_tag","embeddable":true,"href":"https:\/\/eduanimalis.pl\/index.php\/wp-json\/wp\/v2\/product_tag?post=593"}],"curies":[{"name":"wp","href":"https:\/\/api.w.org\/{rel}","templated":true}]}}