{"id":608,"date":"2024-05-22T01:40:30","date_gmt":"2024-05-21T23:40:30","guid":{"rendered":"https:\/\/eduanimalis.pl\/?post_type=product&#038;p=608"},"modified":"2025-03-17T15:33:52","modified_gmt":"2025-03-17T14:33:52","slug":"debesciaki","status":"publish","type":"product","link":"https:\/\/eduanimalis.pl\/index.php\/produkt\/debesciaki\/","title":{"rendered":"Debe\u015bciaki &#8211; poziom podstawowy"},"content":{"rendered":"<p>Start kursu: 04.06.2024<\/p>\n<p>Terminy spotka\u0144: 4,11,18,25.06.2024<\/p>\n<p>Godzina: 19.00<\/p>\n<p>Miejsce: Ogr\u00f3d EduAnimalis S\u0142oneczna 8, Wo\u0142czkowo, pracujemy na przyjaznym,\u00a0 trawiastym i ogrodzonym terenie, dobrze wyposa\u017conym w sprz\u0119t m. in do integracji sensorycznej dla ps\u00f3w.<\/p>\n<p>Trener: Katarzyna Wawryniuk<\/p>\n<p>Liczba spotka\u0144: 4<\/p>\n<p>Liczba piesk\u00f3w w grupie \u2013 max 3<\/p>\n<p>Cena: 375z\u0142<\/p>\n<div class=\"sharing-default-minimal post-bottom\"><div class=\"nectar-social default\" data-position=\"\" data-rm-love=\"0\" data-color-override=\"override\"><div class=\"nectar-social-inner\"><a href=\"#\" class=\"nectar-love\" id=\"nectar-love-608\" title=\"Love this\"> <i class=\"icon-salient-heart-2\"><\/i><span class=\"love-text\">Love<\/span><span class=\"total_loves\"><span class=\"nectar-love-count\">0<\/span><\/span><\/a><a class='facebook-share nectar-sharing' href='#' title='Share this'> <i class='fa fa-facebook'><\/i> <span class='social-text'>Share<\/span> <\/a><\/div><\/div><\/div>","protected":false},"excerpt":{"rendered":"<h6>Szkolenie podstawowe dla m\u0142odych ps\u00f3w do 3r. \u017c., nie przejawiaj\u0105cych zachowa\u0144 agresywnych. Zaj\u0119cia\u00a0 uwzgl\u0119dniaj\u0105ce\u00a0 rozw\u00f3j poznawczy, fizyczny i spo\u0142eczny. Zaj\u0119cia opieraj\u0105 si\u0119 na za\u0142o\u017ceniach integracji sensorycznej, \u0107wiczenia s\u0105 komponowane tak, aby wykorzysta\u0107 elementy sport\u00f3w takich jak agility czy nose work, wplataj\u0105c w to elementy szkolenia z zakresu pos\u0142usze\u0144stwa ( nauka komend). Ciekawa propozycja dla piesk\u00f3w niepewnych siebie, przejawiaj\u0105cych l\u0119k separacyjny czy fobi\u0119 d\u017awi\u0119kow\u0105 oraz tych chc\u0105cych urozmaici\u0107 swoje treningi. Grupy s\u0105 dobierane pod wzgl\u0119dem potrzeb ps\u00f3w. Zaj\u0119cia daj\u0105ce moc.<\/h6>\n<h6>Co daje szkolenie:<\/h6>\n<ul>\n<li>\n<h6>Rozw\u00f3j kompetencji spo\u0142ecznych<\/h6>\n<\/li>\n<li>\n<h6>Wprowadzenie podstawowych komend &#8211; do mnie, noga, idziemy, siad, le\u017ce\u0107, zosta\u0144, zostaw, pusc ,we\u017a itp.<\/h6>\n<\/li>\n<li>\n<h6>Doskonalenie odporno\u015bci emocjonalnej na stresuj\u0105ce sytuacje<\/h6>\n<\/li>\n<li>\n<h6>Dojrzewanie inteligencji operacyjnej, otwieranie psich umys\u0142\u00f3w na nowe ciekawe wyzwania<\/h6>\n<\/li>\n<li>\n<h6>Socjalizacj\u0119 i integracj\u0119 ze spo\u0142ecze\u0144stwem psio-ludzkim<\/h6>\n<\/li>\n<li>\n<h6>Umiej\u0119tno\u015bci takie jak: przychodzenie na zawo\u0142anie, koncentracja na opiekunie w czasie komunikacji, wykonywania podstawowych komend.<\/h6>\n<\/li>\n<li>\n<h6>Ciekawe propozycje \u0107wicze\u0144 mo\u017cliwych do samodzielnego\u00a0 wykonywania w domu czy podczas spacer\u00f3w<\/h6>\n<\/li>\n<li>\n<h6>Rozw\u00f3j zdolno\u015bci poznawczych<\/h6>\n<\/li>\n<li>\n<h6>Wzmocnienie poczucia pewno\u015bci siebie u ps\u00f3w wra\u017cliwych<\/h6>\n<\/li>\n<li>\n<h6>Budowanie otwarto\u015bci na korzystanie z ro\u017cnych strategii behawioralnych innych ni\u017c ucieczka lub inne strategie stresowe.<\/h6>\n<\/li>\n<\/ul>\n","protected":false},"featured_media":609,"comment_status":"open","ping_status":"closed","template":"","meta":[],"product_cat":[58],"product_tag":[91,97,90,96,95,98,94,93,92],"_links":{"self":[{"href":"https:\/\/eduanimalis.pl\/index.php\/wp-json\/wp\/v2\/product\/608"}],"collection":[{"href":"https:\/\/eduanimalis.pl\/index.php\/wp-json\/wp\/v2\/product"}],"about":[{"href":"https:\/\/eduanimalis.pl\/index.php\/wp-json\/wp\/v2\/types\/product"}],"replies":[{"embeddable":true,"href":"https:\/\/eduanimalis.pl\/index.php\/wp-json\/wp\/v2\/comments?post=608"}],"wp:featuredmedia":[{"embeddable":true,"href":"https:\/\/eduanimalis.pl\/index.php\/wp-json\/wp\/v2\/media\/609"}],"wp:attachment":[{"href":"https:\/\/eduanimalis.pl\/index.php\/wp-json\/wp\/v2\/media?parent=608"}],"wp:term":[{"taxonomy":"product_cat","embeddable":true,"href":"https:\/\/eduanimalis.pl\/index.php\/wp-json\/wp\/v2\/product_cat?post=608"},{"taxonomy":"product_tag","embeddable":true,"href":"https:\/\/eduanimalis.pl\/index.php\/wp-json\/wp\/v2\/product_tag?post=608"}],"curies":[{"name":"wp","href":"https:\/\/api.w.org\/{rel}","templated":true}]}}